{"id":6,"date":"2020-12-11T11:42:01","date_gmt":"2020-12-11T11:42:01","guid":{"rendered":"https:\/\/brushandcode.copter.com\/?page_id=6"},"modified":"2023-04-12T07:34:06","modified_gmt":"2023-04-12T07:34:06","slug":"home","status":"publish","type":"page","link":"https:\/\/brushandcode.copter.com\/sv\/","title":{"rendered":"Home"},"content":{"rendered":"","protected":false},"excerpt":{"rendered":"","protected":false},"author":1,"featured_media":0,"parent":0,"menu_order":0,"comment_status":"closed","ping_status":"closed","template":"","meta":{"footnotes":""},"yoast_head":"<!-- This site is optimized with the Yoast SEO plugin v20.5 - https:\/\/yoast.com\/wordpress\/plugins\/seo\/ -->\n<title>Sk\u00e4rmskydd och mobilskal - k\u00f6p online p\u00e5 copter.com<\/title>\n<meta name=\"description\" content=\"Copters sk\u00e4rmskydd skyddar och \u00f6kar livsl\u00e4ngden p\u00e5 din mobil. Brett sortiment med perfekt passform som f\u00e4ster utan luftbubblor\" \/>\n<meta name=\"robots\" content=\"index, follow, max-snippet:-1, max-image-preview:large, max-video-preview:-1\" \/>\n<link rel=\"canonical\" href=\"https:\/\/brushandcode.copter.com\/sv\/\" \/>\n<meta property=\"og:locale\" content=\"sv_SE\" \/>\n<meta property=\"og:type\" content=\"article\" \/>\n<meta property=\"og:title\" content=\"Sk\u00e4rmskydd och mobilskal - k\u00f6p online p\u00e5 copter.com\" \/>\n<meta property=\"og:description\" content=\"Copters sk\u00e4rmskydd skyddar och \u00f6kar livsl\u00e4ngden p\u00e5 din mobil. Brett sortiment med perfekt passform som f\u00e4ster utan luftbubblor\" \/>\n<meta property=\"og:url\" content=\"https:\/\/brushandcode.copter.com\/sv\/\" \/>\n<meta property=\"og:site_name\" content=\"Copter\" \/>\n<meta property=\"article:modified_time\" content=\"2023-04-12T07:34:06+00:00\" \/>\n<meta name=\"twitter:card\" content=\"summary_large_image\" \/>\n<script type=\"application\/ld+json\" class=\"yoast-schema-graph\">{\"@context\":\"https:\/\/schema.org\",\"@graph\":[{\"@type\":\"WebPage\",\"@id\":\"https:\/\/brushandcode.copter.com\/\",\"url\":\"https:\/\/brushandcode.copter.com\/\",\"name\":\"Sk\u00e4rmskydd och mobilskal - k\u00f6p online p\u00e5 copter.com\",\"isPartOf\":{\"@id\":\"https:\/\/brushandcode.copter.com\/sv\/#website\"},\"datePublished\":\"2020-12-11T11:42:01+00:00\",\"dateModified\":\"2023-04-12T07:34:06+00:00\",\"description\":\"Copters sk\u00e4rmskydd skyddar och \u00f6kar livsl\u00e4ngden p\u00e5 din mobil. Brett sortiment med perfekt passform som f\u00e4ster utan luftbubblor\",\"breadcrumb\":{\"@id\":\"https:\/\/brushandcode.copter.com\/#breadcrumb\"},\"inLanguage\":\"sv-SE\",\"potentialAction\":[{\"@type\":\"ReadAction\",\"target\":[\"https:\/\/brushandcode.copter.com\/\"]}]},{\"@type\":\"BreadcrumbList\",\"@id\":\"https:\/\/brushandcode.copter.com\/#breadcrumb\",\"itemListElement\":[{\"@type\":\"ListItem\",\"position\":1,\"name\":\"Hem\",\"item\":\"https:\/\/brushandcode.copter.com\/\"},{\"@type\":\"ListItem\",\"position\":2,\"name\":\"Home\"}]},{\"@type\":\"WebSite\",\"@id\":\"https:\/\/brushandcode.copter.com\/sv\/#website\",\"url\":\"https:\/\/brushandcode.copter.com\/sv\/\",\"name\":\"Copter\",\"description\":\"Great Protection\",\"potentialAction\":[{\"@type\":\"SearchAction\",\"target\":{\"@type\":\"EntryPoint\",\"urlTemplate\":\"https:\/\/brushandcode.copter.com\/sv\/?s={search_term_string}\"},\"query-input\":\"required name=search_term_string\"}],\"inLanguage\":\"sv-SE\"}]}<\/script>\n<!-- \/ Yoast SEO plugin. -->","yoast_head_json":{"title":"Sk\u00e4rmskydd och mobilskal - k\u00f6p online p\u00e5 copter.com","description":"Copters sk\u00e4rmskydd skyddar och \u00f6kar livsl\u00e4ngden p\u00e5 din mobil. Brett sortiment med perfekt passform som f\u00e4ster utan luftbubblor","robots":{"index":"index","follow":"follow","max-snippet":"max-snippet:-1","max-image-preview":"max-image-preview:large","max-video-preview":"max-video-preview:-1"},"canonical":"https:\/\/brushandcode.copter.com\/sv\/","og_locale":"sv_SE","og_type":"article","og_title":"Sk\u00e4rmskydd och mobilskal - k\u00f6p online p\u00e5 copter.com","og_description":"Copters sk\u00e4rmskydd skyddar och \u00f6kar livsl\u00e4ngden p\u00e5 din mobil. Brett sortiment med perfekt passform som f\u00e4ster utan luftbubblor","og_url":"https:\/\/brushandcode.copter.com\/sv\/","og_site_name":"Copter","article_modified_time":"2023-04-12T07:34:06+00:00","twitter_card":"summary_large_image","schema":{"@context":"https:\/\/schema.org","@graph":[{"@type":"WebPage","@id":"https:\/\/brushandcode.copter.com\/","url":"https:\/\/brushandcode.copter.com\/","name":"Sk\u00e4rmskydd och mobilskal - k\u00f6p online p\u00e5 copter.com","isPartOf":{"@id":"https:\/\/brushandcode.copter.com\/sv\/#website"},"datePublished":"2020-12-11T11:42:01+00:00","dateModified":"2023-04-12T07:34:06+00:00","description":"Copters sk\u00e4rmskydd skyddar och \u00f6kar livsl\u00e4ngden p\u00e5 din mobil. Brett sortiment med perfekt passform som f\u00e4ster utan luftbubblor","breadcrumb":{"@id":"https:\/\/brushandcode.copter.com\/#breadcrumb"},"inLanguage":"sv-SE","potentialAction":[{"@type":"ReadAction","target":["https:\/\/brushandcode.copter.com\/"]}]},{"@type":"BreadcrumbList","@id":"https:\/\/brushandcode.copter.com\/#breadcrumb","itemListElement":[{"@type":"ListItem","position":1,"name":"Hem","item":"https:\/\/brushandcode.copter.com\/"},{"@type":"ListItem","position":2,"name":"Home"}]},{"@type":"WebSite","@id":"https:\/\/brushandcode.copter.com\/sv\/#website","url":"https:\/\/brushandcode.copter.com\/sv\/","name":"Copter","description":"Great Protection","potentialAction":[{"@type":"SearchAction","target":{"@type":"EntryPoint","urlTemplate":"https:\/\/brushandcode.copter.com\/sv\/?s={search_term_string}"},"query-input":"required name=search_term_string"}],"inLanguage":"sv-SE"}]}},"_links":{"self":[{"href":"https:\/\/brushandcode.copter.com\/sv\/wp-json\/wp\/v2\/pages\/6"}],"collection":[{"href":"https:\/\/brushandcode.copter.com\/sv\/wp-json\/wp\/v2\/pages"}],"about":[{"href":"https:\/\/brushandcode.copter.com\/sv\/wp-json\/wp\/v2\/types\/page"}],"author":[{"embeddable":true,"href":"https:\/\/brushandcode.copter.com\/sv\/wp-json\/wp\/v2\/users\/1"}],"replies":[{"embeddable":true,"href":"https:\/\/brushandcode.copter.com\/sv\/wp-json\/wp\/v2\/comments?post=6"}],"version-history":[{"count":1,"href":"https:\/\/brushandcode.copter.com\/sv\/wp-json\/wp\/v2\/pages\/6\/revisions"}],"predecessor-version":[{"id":4503,"href":"https:\/\/brushandcode.copter.com\/sv\/wp-json\/wp\/v2\/pages\/6\/revisions\/4503"}],"wp:attachment":[{"href":"https:\/\/brushandcode.copter.com\/sv\/wp-json\/wp\/v2\/media?parent=6"}],"curies":[{"name":"wp","href":"https:\/\/api.w.org\/{rel}","templated":true}]}}