{"id":615,"date":"2021-02-17T10:25:51","date_gmt":"2021-02-17T10:25:51","guid":{"rendered":"https:\/\/brushandcode.copter.com\/?page_id=615"},"modified":"2022-06-06T13:38:15","modified_gmt":"2022-06-06T13:38:15","slug":"skarmskydd","status":"publish","type":"page","link":"https:\/\/brushandcode.copter.com\/sv\/skarmskydd\/","title":{"rendered":"Sk\u00e4rmskydd"},"content":{"rendered":"","protected":false},"excerpt":{"rendered":"","protected":false},"author":3,"featured_media":0,"parent":0,"menu_order":4,"comment_status":"closed","ping_status":"closed","template":"page-template-category.php","meta":{"footnotes":""},"yoast_head":"<!-- This site is optimized with the Yoast SEO plugin v20.5 - https:\/\/yoast.com\/wordpress\/plugins\/seo\/ -->\n<title>Sk\u00e4rmskydd f\u00f6r mobil, klocka eller surfplatta | copter.com<\/title>\n<meta name=\"description\" content=\"Copters sk\u00e4rmskydd skyddar och \u00f6kar livsl\u00e4ngden p\u00e5 din mobil. V\u00e4lj h\u00e4rdat glas f\u00f6r st\u00f6tt\u00e5lighet, slitstark film f\u00f6r rept\u00e5lighet. Perfekt passform\" \/>\n<meta name=\"robots\" content=\"index, follow, max-snippet:-1, max-image-preview:large, max-video-preview:-1\" \/>\n<link rel=\"canonical\" href=\"https:\/\/brushandcode.copter.com\/sv\/skarmskydd\/\" \/>\n<meta property=\"og:locale\" content=\"sv_SE\" \/>\n<meta property=\"og:type\" content=\"article\" \/>\n<meta property=\"og:title\" content=\"Sk\u00e4rmskydd f\u00f6r mobil, klocka eller surfplatta | copter.com\" \/>\n<meta property=\"og:description\" content=\"Copters sk\u00e4rmskydd skyddar och \u00f6kar livsl\u00e4ngden p\u00e5 din mobil. V\u00e4lj h\u00e4rdat glas f\u00f6r st\u00f6tt\u00e5lighet, slitstark film f\u00f6r rept\u00e5lighet. Perfekt passform\" \/>\n<meta property=\"og:url\" content=\"https:\/\/brushandcode.copter.com\/sv\/skarmskydd\/\" \/>\n<meta property=\"og:site_name\" content=\"Copter\" \/>\n<meta property=\"article:modified_time\" content=\"2022-06-06T13:38:15+00:00\" \/>\n<meta name=\"twitter:card\" content=\"summary_large_image\" \/>\n<script type=\"application\/ld+json\" class=\"yoast-schema-graph\">{\"@context\":\"https:\/\/schema.org\",\"@graph\":[{\"@type\":\"WebPage\",\"@id\":\"https:\/\/brushandcode.copter.com\/skarmskydd\/\",\"url\":\"https:\/\/brushandcode.copter.com\/skarmskydd\/\",\"name\":\"Sk\u00e4rmskydd f\u00f6r mobil, klocka eller surfplatta | copter.com\",\"isPartOf\":{\"@id\":\"https:\/\/brushandcode.copter.com\/sv\/#website\"},\"datePublished\":\"2021-02-17T10:25:51+00:00\",\"dateModified\":\"2022-06-06T13:38:15+00:00\",\"description\":\"Copters sk\u00e4rmskydd skyddar och \u00f6kar livsl\u00e4ngden p\u00e5 din mobil. V\u00e4lj h\u00e4rdat glas f\u00f6r st\u00f6tt\u00e5lighet, slitstark film f\u00f6r rept\u00e5lighet. Perfekt passform\",\"breadcrumb\":{\"@id\":\"https:\/\/brushandcode.copter.com\/skarmskydd\/#breadcrumb\"},\"inLanguage\":\"sv-SE\",\"potentialAction\":[{\"@type\":\"ReadAction\",\"target\":[\"https:\/\/brushandcode.copter.com\/skarmskydd\/\"]}]},{\"@type\":\"BreadcrumbList\",\"@id\":\"https:\/\/brushandcode.copter.com\/skarmskydd\/#breadcrumb\",\"itemListElement\":[{\"@type\":\"ListItem\",\"position\":1,\"name\":\"Hem\",\"item\":\"https:\/\/brushandcode.copter.com\/\"},{\"@type\":\"ListItem\",\"position\":2,\"name\":\"Sk\u00e4rmskydd\"}]},{\"@type\":\"WebSite\",\"@id\":\"https:\/\/brushandcode.copter.com\/sv\/#website\",\"url\":\"https:\/\/brushandcode.copter.com\/sv\/\",\"name\":\"Copter\",\"description\":\"Great Protection\",\"potentialAction\":[{\"@type\":\"SearchAction\",\"target\":{\"@type\":\"EntryPoint\",\"urlTemplate\":\"https:\/\/brushandcode.copter.com\/sv\/?s={search_term_string}\"},\"query-input\":\"required name=search_term_string\"}],\"inLanguage\":\"sv-SE\"}]}<\/script>\n<!-- \/ Yoast SEO plugin. -->","yoast_head_json":{"title":"Sk\u00e4rmskydd f\u00f6r mobil, klocka eller surfplatta | copter.com","description":"Copters sk\u00e4rmskydd skyddar och \u00f6kar livsl\u00e4ngden p\u00e5 din mobil. V\u00e4lj h\u00e4rdat glas f\u00f6r st\u00f6tt\u00e5lighet, slitstark film f\u00f6r rept\u00e5lighet. Perfekt passform","robots":{"index":"index","follow":"follow","max-snippet":"max-snippet:-1","max-image-preview":"max-image-preview:large","max-video-preview":"max-video-preview:-1"},"canonical":"https:\/\/brushandcode.copter.com\/sv\/skarmskydd\/","og_locale":"sv_SE","og_type":"article","og_title":"Sk\u00e4rmskydd f\u00f6r mobil, klocka eller surfplatta | copter.com","og_description":"Copters sk\u00e4rmskydd skyddar och \u00f6kar livsl\u00e4ngden p\u00e5 din mobil. V\u00e4lj h\u00e4rdat glas f\u00f6r st\u00f6tt\u00e5lighet, slitstark film f\u00f6r rept\u00e5lighet. Perfekt passform","og_url":"https:\/\/brushandcode.copter.com\/sv\/skarmskydd\/","og_site_name":"Copter","article_modified_time":"2022-06-06T13:38:15+00:00","twitter_card":"summary_large_image","schema":{"@context":"https:\/\/schema.org","@graph":[{"@type":"WebPage","@id":"https:\/\/brushandcode.copter.com\/skarmskydd\/","url":"https:\/\/brushandcode.copter.com\/skarmskydd\/","name":"Sk\u00e4rmskydd f\u00f6r mobil, klocka eller surfplatta | copter.com","isPartOf":{"@id":"https:\/\/brushandcode.copter.com\/sv\/#website"},"datePublished":"2021-02-17T10:25:51+00:00","dateModified":"2022-06-06T13:38:15+00:00","description":"Copters sk\u00e4rmskydd skyddar och \u00f6kar livsl\u00e4ngden p\u00e5 din mobil. V\u00e4lj h\u00e4rdat glas f\u00f6r st\u00f6tt\u00e5lighet, slitstark film f\u00f6r rept\u00e5lighet. Perfekt passform","breadcrumb":{"@id":"https:\/\/brushandcode.copter.com\/skarmskydd\/#breadcrumb"},"inLanguage":"sv-SE","potentialAction":[{"@type":"ReadAction","target":["https:\/\/brushandcode.copter.com\/skarmskydd\/"]}]},{"@type":"BreadcrumbList","@id":"https:\/\/brushandcode.copter.com\/skarmskydd\/#breadcrumb","itemListElement":[{"@type":"ListItem","position":1,"name":"Hem","item":"https:\/\/brushandcode.copter.com\/"},{"@type":"ListItem","position":2,"name":"Sk\u00e4rmskydd"}]},{"@type":"WebSite","@id":"https:\/\/brushandcode.copter.com\/sv\/#website","url":"https:\/\/brushandcode.copter.com\/sv\/","name":"Copter","description":"Great Protection","potentialAction":[{"@type":"SearchAction","target":{"@type":"EntryPoint","urlTemplate":"https:\/\/brushandcode.copter.com\/sv\/?s={search_term_string}"},"query-input":"required name=search_term_string"}],"inLanguage":"sv-SE"}]}},"_links":{"self":[{"href":"https:\/\/brushandcode.copter.com\/sv\/wp-json\/wp\/v2\/pages\/615"}],"collection":[{"href":"https:\/\/brushandcode.copter.com\/sv\/wp-json\/wp\/v2\/pages"}],"about":[{"href":"https:\/\/brushandcode.copter.com\/sv\/wp-json\/wp\/v2\/types\/page"}],"author":[{"embeddable":true,"href":"https:\/\/brushandcode.copter.com\/sv\/wp-json\/wp\/v2\/users\/3"}],"replies":[{"embeddable":true,"href":"https:\/\/brushandcode.copter.com\/sv\/wp-json\/wp\/v2\/comments?post=615"}],"version-history":[{"count":0,"href":"https:\/\/brushandcode.copter.com\/sv\/wp-json\/wp\/v2\/pages\/615\/revisions"}],"wp:attachment":[{"href":"https:\/\/brushandcode.copter.com\/sv\/wp-json\/wp\/v2\/media?parent=615"}],"curies":[{"name":"wp","href":"https:\/\/api.w.org\/{rel}","templated":true}]}}