{"id":2668,"date":"2022-01-11T14:56:11","date_gmt":"2022-01-11T14:56:11","guid":{"rendered":"https:\/\/brushandcode.copter.com\/?post_type=product&#038;p=2668"},"modified":"2022-11-29T00:01:00","modified_gmt":"2022-11-29T00:01:00","slug":"original-film-xiaomi-mi-note-10-pro","status":"publish","type":"product","link":"https:\/\/brushandcode.copter.com\/sv\/produkt\/skydd\/skarmskydd\/original-film-xiaomi-mi-note-10-pro\/","title":{"rendered":"Original Film &#8211; Xiaomi Mi Note 10 Pro"},"content":{"rendered":"","protected":false},"excerpt":{"rendered":"<h2>Sk\u00e4rmskydd i slitstark film med optimalt skydd mot repor<\/h2>\n<p>Detta sk\u00e4rmskydd \u00e4r tillverkat av plast med avancerad teknik som skapar en produkt med enorm slitstyrka och rept\u00e5lighet. Filmen utvecklades f\u00f6rst av den amerikanska arm\u00e9n f\u00f6r att skydda rotorblad p\u00e5 arm\u00e9ns helikoptrar under Kuwaitkriget. Faktisk kan du sk\u00e4ra igenom det med din vassaste kniv utan att det g\u00e5r i tu.<\/p>\n<p>Skyddet \u00e4r mycket rept\u00e5ligt och st\u00e5r emot repor fr\u00e5n till exempel nycklar och mynt som du haft i fickan ihop med telefonen. Filmen har sj\u00e4lvl\u00e4kande egenskaper, vilket betyder att n\u00e4r det repas s\u00e5 \u201csopas sp\u00e5ren ihop\u201d. Sk\u00e4rmskyddet \u00e4r behandlat med ett \u00e4mne som g\u00f6r att n\u00e4r du p\u00e5f\u00f6r v\u00e4rme fr\u00e5n dina fingrar, l\u00e4ker reporna.<\/p>\n<p>Eftersom materialet i Copter Original Film \u00e4r s\u00e5 otroligt segt \u00e4r det ett utm\u00e4rkt splitterskydd f\u00f6r de tillf\u00e4llen d\u00e5 en telefon uts\u00e4tts f\u00f6r s\u00e5 pass h\u00e5rda st\u00f6tar att hela glassk\u00e4rmen splittras. Filmen h\u00e5ller ihop sk\u00e4rmens alla glassk\u00e4rvor och skyddar dig mot sk\u00e4rskador s\u00e5 l\u00e4nge telefonen \u00e4r anv\u00e4ndbar.<\/p>\n<p>Sk\u00e4rmskyddet \u00e4r enkelt att montera och n\u00e4r det \u00e4r korrekt applicerat ger det inga luftbubblor mot sk\u00e4rmen.<\/p>\n<p>I och med det tunna materialet g\u00e5r inte sk\u00e4rmk\u00e4nslan f\u00f6rlorad. Med filmen monterad \u00e4r displayen lika k\u00e4nslig f\u00f6r kontakt (klick och swipe) som om den inte bar skydd.<\/p>\n<p>Sk\u00e4rmskydd Original Film passar telefoner med b\u00e5de raka och rundade kanter. Det fungerar mycket bra tillsammans med alla mobilskal. Det \u00e4r transparent och smiter \u00e5t perfekt i kanterna.<\/p>\n<p><strong>Teknisk specifikation<\/strong><\/p>\n<ul>\n<li>Sj\u00e4lvl\u00e4kande egenskaper<\/li>\n<li>Repskydd<\/li>\n<li>Splitterskydd<\/li>\n<li>HD Clarity<\/li>\n<li>Responsiv sk\u00e4rmkontakt (klick och swipe)<\/li>\n<li>Osynlig passform<\/li>\n<li>Milit\u00e4rteknisk utveckling<\/li>\n<\/ul>\n","protected":false},"featured_media":2763,"comment_status":"open","ping_status":"closed","template":"","meta":[],"product_cat":[245,130,19,135,236],"product_tag":[],"yoast_head":"<!-- This site is optimized with the Yoast SEO plugin v20.5 - https:\/\/yoast.com\/wordpress\/plugins\/seo\/ -->\n<title>Original Film - Xiaomi Mi Note 10 Pro sk\u00e4rmskydd f\u00f6r mobil | copter.com<\/title>\n<meta name=\"description\" content=\"Copters Original Film - Xiaomi Mi Note 10 Pro f\u00f6r mobil \u00e4r en extremt slitstark film som ger b\u00e4st skydd mot repor och sk\u00e4rmsplitter. Enkelt att montera, snabb leverans och fri retur\" \/>\n<meta name=\"robots\" content=\"index, follow, max-snippet:-1, max-image-preview:large, max-video-preview:-1\" \/>\n<link rel=\"canonical\" href=\"https:\/\/brushandcode.copter.com\/sv\/produkt\/skydd\/skarmskydd\/original-film-xiaomi-mi-note-10-pro\/\" \/>\n<meta property=\"og:locale\" content=\"sv_SE\" \/>\n<meta property=\"og:type\" content=\"article\" \/>\n<meta property=\"og:title\" content=\"Original Film - Xiaomi Mi Note 10 Pro sk\u00e4rmskydd f\u00f6r mobil | copter.com\" \/>\n<meta property=\"og:description\" content=\"Copters Original Film - Xiaomi Mi Note 10 Pro f\u00f6r mobil \u00e4r en extremt slitstark film som ger b\u00e4st skydd mot repor och sk\u00e4rmsplitter. Enkelt att montera, snabb leverans och fri retur\" \/>\n<meta property=\"og:url\" content=\"https:\/\/brushandcode.copter.com\/sv\/produkt\/skydd\/skarmskydd\/original-film-xiaomi-mi-note-10-pro\/\" \/>\n<meta property=\"og:site_name\" content=\"Copter\" \/>\n<meta property=\"article:modified_time\" content=\"2022-11-29T00:01:00+00:00\" \/>\n<meta property=\"og:image\" content=\"https:\/\/brushandcode.copter.com\/wp-content\/uploads\/2022\/02\/General-Film.webp\" \/>\n\t<meta property=\"og:image:width\" content=\"2048\" \/>\n\t<meta property=\"og:image:height\" content=\"2048\" \/>\n\t<meta property=\"og:image:type\" content=\"image\/webp\" \/>\n<meta name=\"twitter:card\" content=\"summary_large_image\" \/>\n<script type=\"application\/ld+json\" class=\"yoast-schema-graph\">{\"@context\":\"https:\/\/schema.org\",\"@graph\":[{\"@type\":\"WebPage\",\"@id\":\"https:\/\/brushandcode.copter.com\/produkt\/skydd\/skarmskydd\/original-film-xiaomi-mi-note-10-pro\/\",\"url\":\"https:\/\/brushandcode.copter.com\/produkt\/skydd\/skarmskydd\/original-film-xiaomi-mi-note-10-pro\/\",\"name\":\"Original Film - Xiaomi Mi Note 10 Pro sk\u00e4rmskydd f\u00f6r mobil | copter.com\",\"isPartOf\":{\"@id\":\"https:\/\/brushandcode.copter.com\/sv\/#website\"},\"datePublished\":\"2022-01-11T14:56:11+00:00\",\"dateModified\":\"2022-11-29T00:01:00+00:00\",\"description\":\"Copters Original Film - Xiaomi Mi Note 10 Pro f\u00f6r mobil \u00e4r en extremt slitstark film som ger b\u00e4st skydd mot repor och sk\u00e4rmsplitter. Enkelt att montera, snabb leverans och fri retur\",\"breadcrumb\":{\"@id\":\"https:\/\/brushandcode.copter.com\/produkt\/skydd\/skarmskydd\/original-film-xiaomi-mi-note-10-pro\/#breadcrumb\"},\"inLanguage\":\"sv-SE\",\"potentialAction\":[{\"@type\":\"ReadAction\",\"target\":[\"https:\/\/brushandcode.copter.com\/produkt\/skydd\/skarmskydd\/original-film-xiaomi-mi-note-10-pro\/\"]}]},{\"@type\":\"BreadcrumbList\",\"@id\":\"https:\/\/brushandcode.copter.com\/produkt\/skydd\/skarmskydd\/original-film-xiaomi-mi-note-10-pro\/#breadcrumb\",\"itemListElement\":[{\"@type\":\"ListItem\",\"position\":1,\"name\":\"Hem\",\"item\":\"https:\/\/brushandcode.copter.com\/\"},{\"@type\":\"ListItem\",\"position\":2,\"name\":\"Produkter\",\"item\":\"https:\/\/brushandcode.copter.com\/produkter\/\"},{\"@type\":\"ListItem\",\"position\":3,\"name\":\"Original Film &#8211; Xiaomi Mi Note 10 Pro\"}]},{\"@type\":\"WebSite\",\"@id\":\"https:\/\/brushandcode.copter.com\/sv\/#website\",\"url\":\"https:\/\/brushandcode.copter.com\/sv\/\",\"name\":\"Copter\",\"description\":\"Great Protection\",\"potentialAction\":[{\"@type\":\"SearchAction\",\"target\":{\"@type\":\"EntryPoint\",\"urlTemplate\":\"https:\/\/brushandcode.copter.com\/sv\/?s={search_term_string}\"},\"query-input\":\"required name=search_term_string\"}],\"inLanguage\":\"sv-SE\"}]}<\/script>\n<!-- \/ Yoast SEO plugin. -->","yoast_head_json":{"title":"Original Film - Xiaomi Mi Note 10 Pro sk\u00e4rmskydd f\u00f6r mobil | copter.com","description":"Copters Original Film - Xiaomi Mi Note 10 Pro f\u00f6r mobil \u00e4r en extremt slitstark film som ger b\u00e4st skydd mot repor och sk\u00e4rmsplitter. Enkelt att montera, snabb leverans och fri retur","robots":{"index":"index","follow":"follow","max-snippet":"max-snippet:-1","max-image-preview":"max-image-preview:large","max-video-preview":"max-video-preview:-1"},"canonical":"https:\/\/brushandcode.copter.com\/sv\/produkt\/skydd\/skarmskydd\/original-film-xiaomi-mi-note-10-pro\/","og_locale":"sv_SE","og_type":"article","og_title":"Original Film - Xiaomi Mi Note 10 Pro sk\u00e4rmskydd f\u00f6r mobil | copter.com","og_description":"Copters Original Film - Xiaomi Mi Note 10 Pro f\u00f6r mobil \u00e4r en extremt slitstark film som ger b\u00e4st skydd mot repor och sk\u00e4rmsplitter. Enkelt att montera, snabb leverans och fri retur","og_url":"https:\/\/brushandcode.copter.com\/sv\/produkt\/skydd\/skarmskydd\/original-film-xiaomi-mi-note-10-pro\/","og_site_name":"Copter","article_modified_time":"2022-11-29T00:01:00+00:00","og_image":[{"width":2048,"height":2048,"url":"https:\/\/brushandcode.copter.com\/wp-content\/uploads\/2022\/02\/General-Film.webp","type":"image\/webp"}],"twitter_card":"summary_large_image","schema":{"@context":"https:\/\/schema.org","@graph":[{"@type":"WebPage","@id":"https:\/\/brushandcode.copter.com\/produkt\/skydd\/skarmskydd\/original-film-xiaomi-mi-note-10-pro\/","url":"https:\/\/brushandcode.copter.com\/produkt\/skydd\/skarmskydd\/original-film-xiaomi-mi-note-10-pro\/","name":"Original Film - Xiaomi Mi Note 10 Pro sk\u00e4rmskydd f\u00f6r mobil | copter.com","isPartOf":{"@id":"https:\/\/brushandcode.copter.com\/sv\/#website"},"datePublished":"2022-01-11T14:56:11+00:00","dateModified":"2022-11-29T00:01:00+00:00","description":"Copters Original Film - Xiaomi Mi Note 10 Pro f\u00f6r mobil \u00e4r en extremt slitstark film som ger b\u00e4st skydd mot repor och sk\u00e4rmsplitter. Enkelt att montera, snabb leverans och fri retur","breadcrumb":{"@id":"https:\/\/brushandcode.copter.com\/produkt\/skydd\/skarmskydd\/original-film-xiaomi-mi-note-10-pro\/#breadcrumb"},"inLanguage":"sv-SE","potentialAction":[{"@type":"ReadAction","target":["https:\/\/brushandcode.copter.com\/produkt\/skydd\/skarmskydd\/original-film-xiaomi-mi-note-10-pro\/"]}]},{"@type":"BreadcrumbList","@id":"https:\/\/brushandcode.copter.com\/produkt\/skydd\/skarmskydd\/original-film-xiaomi-mi-note-10-pro\/#breadcrumb","itemListElement":[{"@type":"ListItem","position":1,"name":"Hem","item":"https:\/\/brushandcode.copter.com\/"},{"@type":"ListItem","position":2,"name":"Produkter","item":"https:\/\/brushandcode.copter.com\/produkter\/"},{"@type":"ListItem","position":3,"name":"Original Film &#8211; Xiaomi Mi Note 10 Pro"}]},{"@type":"WebSite","@id":"https:\/\/brushandcode.copter.com\/sv\/#website","url":"https:\/\/brushandcode.copter.com\/sv\/","name":"Copter","description":"Great Protection","potentialAction":[{"@type":"SearchAction","target":{"@type":"EntryPoint","urlTemplate":"https:\/\/brushandcode.copter.com\/sv\/?s={search_term_string}"},"query-input":"required name=search_term_string"}],"inLanguage":"sv-SE"}]}},"_links":{"self":[{"href":"https:\/\/brushandcode.copter.com\/sv\/wp-json\/wp\/v2\/product\/2668"}],"collection":[{"href":"https:\/\/brushandcode.copter.com\/sv\/wp-json\/wp\/v2\/product"}],"about":[{"href":"https:\/\/brushandcode.copter.com\/sv\/wp-json\/wp\/v2\/types\/product"}],"replies":[{"embeddable":true,"href":"https:\/\/brushandcode.copter.com\/sv\/wp-json\/wp\/v2\/comments?post=2668"}],"wp:featuredmedia":[{"embeddable":true,"href":"https:\/\/brushandcode.copter.com\/sv\/wp-json\/wp\/v2\/media\/2763"}],"wp:attachment":[{"href":"https:\/\/brushandcode.copter.com\/sv\/wp-json\/wp\/v2\/media?parent=2668"}],"wp:term":[{"taxonomy":"product_cat","embeddable":true,"href":"https:\/\/brushandcode.copter.com\/sv\/wp-json\/wp\/v2\/product_cat?post=2668"},{"taxonomy":"product_tag","embeddable":true,"href":"https:\/\/brushandcode.copter.com\/sv\/wp-json\/wp\/v2\/product_tag?post=2668"}],"curies":[{"name":"wp","href":"https:\/\/api.w.org\/{rel}","templated":true}]}}