{"id":2777,"date":"2022-02-17T09:41:52","date_gmt":"2022-02-17T09:41:52","guid":{"rendered":"https:\/\/brushandcode.copter.com\/?post_type=product&#038;p=2777"},"modified":"2022-11-29T00:01:07","modified_gmt":"2022-11-29T00:01:07","slug":"copter-case-clear-iphone-xr","status":"publish","type":"product","link":"https:\/\/brushandcode.copter.com\/sv\/produkt\/skydd\/skal\/copter-case-clear-iphone-xr\/","title":{"rendered":"Copter Case Clear &#8211; iPhone XR"},"content":{"rendered":"","protected":false},"excerpt":{"rendered":"<p>Enast\u00e5ende bra skydd f\u00f6r dig och din smartphone som skyddar din telefon i ur och skur. I till\u00e4gg till detta \u00e4ven behandlad med ett antibakteriellt skikt som skyddar mot bakterier och virus. Enkel att installera, enkel att anv\u00e4nda med perfekt passform. Dubbla lager av mjukt och h\u00e5rt material med f\u00f6rst\u00e4rkta h\u00f6rn, allt enligt U.S. military drop-test standard. Det, mina damer och herrar, \u00e4r Great Protection!<\/p>\n<ul type=\"disc\">\n<li>Antibakteriell\n<ul type=\"circle\">\n<li>Antimikrobiellt behandlad bel\u00e4ggning som h\u00e5ller bakterier och virus p\u00e5 avst\u00e5nd<\/li>\n<\/ul>\n<\/li>\n<li>Dubbla lager design\n<ul type=\"circle\">\n<li>Gjort av b\u00e5de mjukt och h\u00e5rt material f\u00f6r att maximera skyddsprestandan<\/li>\n<\/ul>\n<\/li>\n<li>Drops\u00e4ker\n<ul type=\"circle\">\n<li>Klarar den stenh\u00e5rda U.S. military drop-test standarden MIL-STD 810G utan problem<\/li>\n<\/ul>\n<\/li>\n<li>Upph\u00f6jda h\u00f6rn\n<ul type=\"circle\">\n<li>F\u00f6rst\u00e4rkta h\u00f6rn som erbjuder enast\u00e5ende skydd f\u00f6r b\u00e5de kamera och sk\u00e4rm<\/li>\n<\/ul>\n<\/li>\n<\/ul>\n","protected":false},"featured_media":2776,"comment_status":"open","ping_status":"closed","template":"","meta":[],"product_cat":[122,130,132,153],"product_tag":[],"yoast_head":"<!-- This site is optimized with the Yoast SEO plugin v20.5 - https:\/\/yoast.com\/wordpress\/plugins\/seo\/ -->\n<title>Copter Case Clear - iPhone XR skal f\u00f6r mobil | copter.com<\/title>\n<meta name=\"description\" content=\"Copters Copter Case Clear - iPhone XR f\u00f6r mobil \u00e4r ett enast\u00e5ende bra skydd med f\u00f6rst\u00e4rkta h\u00f6rn enligt U.S. military drop-test standard och behandlad med antibakteriellt skikt\" \/>\n<meta name=\"robots\" content=\"index, follow, max-snippet:-1, max-image-preview:large, max-video-preview:-1\" \/>\n<link rel=\"canonical\" href=\"https:\/\/brushandcode.copter.com\/sv\/produkt\/skydd\/skal\/copter-case-clear-iphone-xr\/\" \/>\n<meta property=\"og:locale\" content=\"sv_SE\" \/>\n<meta property=\"og:type\" content=\"article\" \/>\n<meta property=\"og:title\" content=\"Copter Case Clear - iPhone XR skal f\u00f6r mobil | copter.com\" \/>\n<meta property=\"og:description\" content=\"Copters Copter Case Clear - iPhone XR f\u00f6r mobil \u00e4r ett enast\u00e5ende bra skydd med f\u00f6rst\u00e4rkta h\u00f6rn enligt U.S. military drop-test standard och behandlad med antibakteriellt skikt\" \/>\n<meta property=\"og:url\" content=\"https:\/\/brushandcode.copter.com\/sv\/produkt\/skydd\/skal\/copter-case-clear-iphone-xr\/\" \/>\n<meta property=\"og:site_name\" content=\"Copter\" \/>\n<meta property=\"article:modified_time\" content=\"2022-11-29T00:01:07+00:00\" \/>\n<meta property=\"og:image\" content=\"https:\/\/brushandcode.copter.com\/wp-content\/uploads\/2021\/12\/Case-clear.webp\" \/>\n\t<meta property=\"og:image:width\" content=\"2048\" \/>\n\t<meta property=\"og:image:height\" content=\"2048\" \/>\n\t<meta property=\"og:image:type\" content=\"image\/webp\" \/>\n<meta name=\"twitter:card\" content=\"summary_large_image\" \/>\n<script type=\"application\/ld+json\" class=\"yoast-schema-graph\">{\"@context\":\"https:\/\/schema.org\",\"@graph\":[{\"@type\":\"WebPage\",\"@id\":\"https:\/\/brushandcode.copter.com\/produkt\/skydd\/skal\/copter-case-clear-iphone-xr\/\",\"url\":\"https:\/\/brushandcode.copter.com\/produkt\/skydd\/skal\/copter-case-clear-iphone-xr\/\",\"name\":\"Copter Case Clear - iPhone XR skal f\u00f6r mobil | copter.com\",\"isPartOf\":{\"@id\":\"https:\/\/brushandcode.copter.com\/sv\/#website\"},\"datePublished\":\"2022-02-17T09:41:52+00:00\",\"dateModified\":\"2022-11-29T00:01:07+00:00\",\"description\":\"Copters Copter Case Clear - iPhone XR f\u00f6r mobil \u00e4r ett enast\u00e5ende bra skydd med f\u00f6rst\u00e4rkta h\u00f6rn enligt U.S. military drop-test standard och behandlad med antibakteriellt skikt\",\"breadcrumb\":{\"@id\":\"https:\/\/brushandcode.copter.com\/produkt\/skydd\/skal\/copter-case-clear-iphone-xr\/#breadcrumb\"},\"inLanguage\":\"sv-SE\",\"potentialAction\":[{\"@type\":\"ReadAction\",\"target\":[\"https:\/\/brushandcode.copter.com\/produkt\/skydd\/skal\/copter-case-clear-iphone-xr\/\"]}]},{\"@type\":\"BreadcrumbList\",\"@id\":\"https:\/\/brushandcode.copter.com\/produkt\/skydd\/skal\/copter-case-clear-iphone-xr\/#breadcrumb\",\"itemListElement\":[{\"@type\":\"ListItem\",\"position\":1,\"name\":\"Hem\",\"item\":\"https:\/\/brushandcode.copter.com\/\"},{\"@type\":\"ListItem\",\"position\":2,\"name\":\"Produkter\",\"item\":\"https:\/\/brushandcode.copter.com\/produkter\/\"},{\"@type\":\"ListItem\",\"position\":3,\"name\":\"Copter Case Clear &#8211; iPhone XR\"}]},{\"@type\":\"WebSite\",\"@id\":\"https:\/\/brushandcode.copter.com\/sv\/#website\",\"url\":\"https:\/\/brushandcode.copter.com\/sv\/\",\"name\":\"Copter\",\"description\":\"Great Protection\",\"potentialAction\":[{\"@type\":\"SearchAction\",\"target\":{\"@type\":\"EntryPoint\",\"urlTemplate\":\"https:\/\/brushandcode.copter.com\/sv\/?s={search_term_string}\"},\"query-input\":\"required name=search_term_string\"}],\"inLanguage\":\"sv-SE\"}]}<\/script>\n<!-- \/ Yoast SEO plugin. -->","yoast_head_json":{"title":"Copter Case Clear - iPhone XR skal f\u00f6r mobil | copter.com","description":"Copters Copter Case Clear - iPhone XR f\u00f6r mobil \u00e4r ett enast\u00e5ende bra skydd med f\u00f6rst\u00e4rkta h\u00f6rn enligt U.S. military drop-test standard och behandlad med antibakteriellt skikt","robots":{"index":"index","follow":"follow","max-snippet":"max-snippet:-1","max-image-preview":"max-image-preview:large","max-video-preview":"max-video-preview:-1"},"canonical":"https:\/\/brushandcode.copter.com\/sv\/produkt\/skydd\/skal\/copter-case-clear-iphone-xr\/","og_locale":"sv_SE","og_type":"article","og_title":"Copter Case Clear - iPhone XR skal f\u00f6r mobil | copter.com","og_description":"Copters Copter Case Clear - iPhone XR f\u00f6r mobil \u00e4r ett enast\u00e5ende bra skydd med f\u00f6rst\u00e4rkta h\u00f6rn enligt U.S. military drop-test standard och behandlad med antibakteriellt skikt","og_url":"https:\/\/brushandcode.copter.com\/sv\/produkt\/skydd\/skal\/copter-case-clear-iphone-xr\/","og_site_name":"Copter","article_modified_time":"2022-11-29T00:01:07+00:00","og_image":[{"width":2048,"height":2048,"url":"https:\/\/brushandcode.copter.com\/wp-content\/uploads\/2021\/12\/Case-clear.webp","type":"image\/webp"}],"twitter_card":"summary_large_image","schema":{"@context":"https:\/\/schema.org","@graph":[{"@type":"WebPage","@id":"https:\/\/brushandcode.copter.com\/produkt\/skydd\/skal\/copter-case-clear-iphone-xr\/","url":"https:\/\/brushandcode.copter.com\/produkt\/skydd\/skal\/copter-case-clear-iphone-xr\/","name":"Copter Case Clear - iPhone XR skal f\u00f6r mobil | copter.com","isPartOf":{"@id":"https:\/\/brushandcode.copter.com\/sv\/#website"},"datePublished":"2022-02-17T09:41:52+00:00","dateModified":"2022-11-29T00:01:07+00:00","description":"Copters Copter Case Clear - iPhone XR f\u00f6r mobil \u00e4r ett enast\u00e5ende bra skydd med f\u00f6rst\u00e4rkta h\u00f6rn enligt U.S. military drop-test standard och behandlad med antibakteriellt skikt","breadcrumb":{"@id":"https:\/\/brushandcode.copter.com\/produkt\/skydd\/skal\/copter-case-clear-iphone-xr\/#breadcrumb"},"inLanguage":"sv-SE","potentialAction":[{"@type":"ReadAction","target":["https:\/\/brushandcode.copter.com\/produkt\/skydd\/skal\/copter-case-clear-iphone-xr\/"]}]},{"@type":"BreadcrumbList","@id":"https:\/\/brushandcode.copter.com\/produkt\/skydd\/skal\/copter-case-clear-iphone-xr\/#breadcrumb","itemListElement":[{"@type":"ListItem","position":1,"name":"Hem","item":"https:\/\/brushandcode.copter.com\/"},{"@type":"ListItem","position":2,"name":"Produkter","item":"https:\/\/brushandcode.copter.com\/produkter\/"},{"@type":"ListItem","position":3,"name":"Copter Case Clear &#8211; iPhone XR"}]},{"@type":"WebSite","@id":"https:\/\/brushandcode.copter.com\/sv\/#website","url":"https:\/\/brushandcode.copter.com\/sv\/","name":"Copter","description":"Great Protection","potentialAction":[{"@type":"SearchAction","target":{"@type":"EntryPoint","urlTemplate":"https:\/\/brushandcode.copter.com\/sv\/?s={search_term_string}"},"query-input":"required name=search_term_string"}],"inLanguage":"sv-SE"}]}},"_links":{"self":[{"href":"https:\/\/brushandcode.copter.com\/sv\/wp-json\/wp\/v2\/product\/2777"}],"collection":[{"href":"https:\/\/brushandcode.copter.com\/sv\/wp-json\/wp\/v2\/product"}],"about":[{"href":"https:\/\/brushandcode.copter.com\/sv\/wp-json\/wp\/v2\/types\/product"}],"replies":[{"embeddable":true,"href":"https:\/\/brushandcode.copter.com\/sv\/wp-json\/wp\/v2\/comments?post=2777"}],"wp:featuredmedia":[{"embeddable":true,"href":"https:\/\/brushandcode.copter.com\/sv\/wp-json\/wp\/v2\/media\/2776"}],"wp:attachment":[{"href":"https:\/\/brushandcode.copter.com\/sv\/wp-json\/wp\/v2\/media?parent=2777"}],"wp:term":[{"taxonomy":"product_cat","embeddable":true,"href":"https:\/\/brushandcode.copter.com\/sv\/wp-json\/wp\/v2\/product_cat?post=2777"},{"taxonomy":"product_tag","embeddable":true,"href":"https:\/\/brushandcode.copter.com\/sv\/wp-json\/wp\/v2\/product_tag?post=2777"}],"curies":[{"name":"wp","href":"https:\/\/api.w.org\/{rel}","templated":true}]}}