{"id":2970,"date":"2022-04-06T21:23:55","date_gmt":"2022-04-06T21:23:55","guid":{"rendered":"https:\/\/brushandcode.copter.com\/?post_type=product&#038;p=2970"},"modified":"2022-11-29T00:01:03","modified_gmt":"2022-11-29T00:01:03","slug":"exoglass-flat-privacy-iphone-13-pro","status":"publish","type":"product","link":"https:\/\/brushandcode.copter.com\/sv\/produkt\/skydd\/skarmskydd\/exoglass-flat-privacy-iphone-13-pro\/","title":{"rendered":"Exoglass\u2122 Flat Privacy &#8211; iPhone 13 Pro"},"content":{"rendered":"","protected":false},"excerpt":{"rendered":"<h2>St\u00f6tt\u00e5ligt sk\u00e4rmskydd i h\u00e4rdat glas med integritetsfilter<\/h2>\n<p>Skyddet har alla de kvaliteter som v\u00e5ra glasskydd har med integritetsskyddet som till\u00e4gg. \u00c4r det viktigt f\u00f6r dig att h\u00e5lla inneh\u00e5llet p\u00e5 din sk\u00e4rm f\u00f6r dig sj\u00e4lv? P\u00e5 bussen, i konsertk\u00f6n eller bland nyfikna f\u00f6delsedagsbarn kan ett sk\u00e4rmskydd med integritetsskydd vara p\u00e5 sin plats. Med skyddet monterat syns sk\u00e4rmens aktivitet endast direkt framifr\u00e5n, andra ser den som m\u00f6rk. <!--more--><\/p>\n<p>Skyddet \u00e4r tillverkat i ett mycket tunt, h\u00e4rdat glas, som \u00e4ven kallas tempererat glas. Genom h\u00e4rdning n\u00e5r glaset en enormt h\u00f6g st\u00f6tt\u00e5lighet.<\/p>\n<p>L\u00e5t skyddet ta st\u00f6tar, repor och slag ist\u00e4llet f\u00f6r att uts\u00e4tta din originalsk\u00e4rm f\u00f6r skada. G\u00e5r skyddet s\u00f6nder \u00e4r det en enkel sak att ers\u00e4tta.<\/p>\n<p>P\u00e5 grund av det tunna glaset g\u00e5r inte sk\u00e4rmk\u00e4nslan f\u00f6rlorad, skyddsglaset \u00e4r lika k\u00e4nsligt f\u00f6r kontakt (klick och swipe) som telefonens display.<\/p>\n<p>Glaset behandlas med en fettavvisande bel\u00e4ggning som minimerar fingeravtryck p\u00e5 glaset.<\/p>\n<p>Sk\u00e4rmskyddet \u00e4r enkelt att montera och n\u00e4r det \u00e4r korrekt applicerat ger det inga luftbubblor mot sk\u00e4rmen.<\/p>\n<p>Glasskydd EXOGLASS Privacy tillverkas f\u00f6r iPhone i h\u00e4rdat glas.<\/p>\n<p>Det levereras med instruktioner och allt du beh\u00f6ver f\u00f6r en enkel montering.<\/p>\n<p>&nbsp;<\/p>\n<p><strong>Teknisk specifikation<\/strong><\/p>\n<ul>\n<li>Integritetsfilter<\/li>\n<li>Dubbelh\u00e4rdat joniserat glas med h\u00e5rdhet 9H<\/li>\n<li>Fett- och vattenavvisande nanobel\u00e4ggning<\/li>\n<li>St\u00f6tskydd<\/li>\n<li>Repskydd<\/li>\n<li>Splitterskydd<\/li>\n<li>HD Clarity<\/li>\n<li>Responsiv sk\u00e4rmkontakt (klick och swipe)<\/li>\n<li>Rundad, osynlig passform<\/li>\n<\/ul>\n","protected":false},"featured_media":2765,"comment_status":"open","ping_status":"closed","template":"","meta":[],"product_cat":[245,18,130,132,142],"product_tag":[],"yoast_head":"<!-- This site is optimized with the Yoast SEO plugin v20.5 - https:\/\/yoast.com\/wordpress\/plugins\/seo\/ -->\n<title>Exoglass\u2122 Flat Privacy - iPhone 13 Pro sk\u00e4rmskydd f\u00f6r mobil | copter.com<\/title>\n<meta name=\"description\" content=\"Copters Exoglass\u2122 Flat Privacy - iPhone 13 Pro f\u00f6r mobil \u00e4r ett glasskydd i h\u00e4rdat glas som skyddar din integritet med insynsskydd. Enkelt att montera, snabb leverans och fri retur\" \/>\n<meta name=\"robots\" content=\"index, follow, max-snippet:-1, max-image-preview:large, max-video-preview:-1\" \/>\n<link rel=\"canonical\" href=\"https:\/\/brushandcode.copter.com\/sv\/produkt\/skydd\/skarmskydd\/exoglass-flat-privacy-iphone-13-pro\/\" \/>\n<meta property=\"og:locale\" content=\"sv_SE\" \/>\n<meta property=\"og:type\" content=\"article\" \/>\n<meta property=\"og:title\" content=\"Exoglass\u2122 Flat Privacy - iPhone 13 Pro sk\u00e4rmskydd f\u00f6r mobil | copter.com\" \/>\n<meta property=\"og:description\" content=\"Copters Exoglass\u2122 Flat Privacy - iPhone 13 Pro f\u00f6r mobil \u00e4r ett glasskydd i h\u00e4rdat glas som skyddar din integritet med insynsskydd. Enkelt att montera, snabb leverans och fri retur\" \/>\n<meta property=\"og:url\" content=\"https:\/\/brushandcode.copter.com\/sv\/produkt\/skydd\/skarmskydd\/exoglass-flat-privacy-iphone-13-pro\/\" \/>\n<meta property=\"og:site_name\" content=\"Copter\" \/>\n<meta property=\"article:modified_time\" content=\"2022-11-29T00:01:03+00:00\" \/>\n<meta property=\"og:image\" content=\"https:\/\/brushandcode.copter.com\/wp-content\/uploads\/2022\/02\/General-Privacy.webp\" \/>\n\t<meta property=\"og:image:width\" content=\"2048\" \/>\n\t<meta property=\"og:image:height\" content=\"2048\" \/>\n\t<meta property=\"og:image:type\" content=\"image\/webp\" \/>\n<meta name=\"twitter:card\" content=\"summary_large_image\" \/>\n<script type=\"application\/ld+json\" class=\"yoast-schema-graph\">{\"@context\":\"https:\/\/schema.org\",\"@graph\":[{\"@type\":\"WebPage\",\"@id\":\"https:\/\/brushandcode.copter.com\/produkt\/skydd\/skarmskydd\/exoglass-flat-privacy-iphone-13-pro\/\",\"url\":\"https:\/\/brushandcode.copter.com\/produkt\/skydd\/skarmskydd\/exoglass-flat-privacy-iphone-13-pro\/\",\"name\":\"Exoglass\u2122 Flat Privacy - iPhone 13 Pro sk\u00e4rmskydd f\u00f6r mobil | copter.com\",\"isPartOf\":{\"@id\":\"https:\/\/brushandcode.copter.com\/sv\/#website\"},\"datePublished\":\"2022-04-06T21:23:55+00:00\",\"dateModified\":\"2022-11-29T00:01:03+00:00\",\"description\":\"Copters Exoglass\u2122 Flat Privacy - iPhone 13 Pro f\u00f6r mobil \u00e4r ett glasskydd i h\u00e4rdat glas som skyddar din integritet med insynsskydd. Enkelt att montera, snabb leverans och fri retur\",\"breadcrumb\":{\"@id\":\"https:\/\/brushandcode.copter.com\/produkt\/skydd\/skarmskydd\/exoglass-flat-privacy-iphone-13-pro\/#breadcrumb\"},\"inLanguage\":\"sv-SE\",\"potentialAction\":[{\"@type\":\"ReadAction\",\"target\":[\"https:\/\/brushandcode.copter.com\/produkt\/skydd\/skarmskydd\/exoglass-flat-privacy-iphone-13-pro\/\"]}]},{\"@type\":\"BreadcrumbList\",\"@id\":\"https:\/\/brushandcode.copter.com\/produkt\/skydd\/skarmskydd\/exoglass-flat-privacy-iphone-13-pro\/#breadcrumb\",\"itemListElement\":[{\"@type\":\"ListItem\",\"position\":1,\"name\":\"Hem\",\"item\":\"https:\/\/brushandcode.copter.com\/\"},{\"@type\":\"ListItem\",\"position\":2,\"name\":\"Produkter\",\"item\":\"https:\/\/brushandcode.copter.com\/produkter\/\"},{\"@type\":\"ListItem\",\"position\":3,\"name\":\"Exoglass\u2122 Flat Privacy &#8211; iPhone 13 Pro\"}]},{\"@type\":\"WebSite\",\"@id\":\"https:\/\/brushandcode.copter.com\/sv\/#website\",\"url\":\"https:\/\/brushandcode.copter.com\/sv\/\",\"name\":\"Copter\",\"description\":\"Great Protection\",\"potentialAction\":[{\"@type\":\"SearchAction\",\"target\":{\"@type\":\"EntryPoint\",\"urlTemplate\":\"https:\/\/brushandcode.copter.com\/sv\/?s={search_term_string}\"},\"query-input\":\"required name=search_term_string\"}],\"inLanguage\":\"sv-SE\"}]}<\/script>\n<!-- \/ Yoast SEO plugin. -->","yoast_head_json":{"title":"Exoglass\u2122 Flat Privacy - iPhone 13 Pro sk\u00e4rmskydd f\u00f6r mobil | copter.com","description":"Copters Exoglass\u2122 Flat Privacy - iPhone 13 Pro f\u00f6r mobil \u00e4r ett glasskydd i h\u00e4rdat glas som skyddar din integritet med insynsskydd. Enkelt att montera, snabb leverans och fri retur","robots":{"index":"index","follow":"follow","max-snippet":"max-snippet:-1","max-image-preview":"max-image-preview:large","max-video-preview":"max-video-preview:-1"},"canonical":"https:\/\/brushandcode.copter.com\/sv\/produkt\/skydd\/skarmskydd\/exoglass-flat-privacy-iphone-13-pro\/","og_locale":"sv_SE","og_type":"article","og_title":"Exoglass\u2122 Flat Privacy - iPhone 13 Pro sk\u00e4rmskydd f\u00f6r mobil | copter.com","og_description":"Copters Exoglass\u2122 Flat Privacy - iPhone 13 Pro f\u00f6r mobil \u00e4r ett glasskydd i h\u00e4rdat glas som skyddar din integritet med insynsskydd. Enkelt att montera, snabb leverans och fri retur","og_url":"https:\/\/brushandcode.copter.com\/sv\/produkt\/skydd\/skarmskydd\/exoglass-flat-privacy-iphone-13-pro\/","og_site_name":"Copter","article_modified_time":"2022-11-29T00:01:03+00:00","og_image":[{"width":2048,"height":2048,"url":"https:\/\/brushandcode.copter.com\/wp-content\/uploads\/2022\/02\/General-Privacy.webp","type":"image\/webp"}],"twitter_card":"summary_large_image","schema":{"@context":"https:\/\/schema.org","@graph":[{"@type":"WebPage","@id":"https:\/\/brushandcode.copter.com\/produkt\/skydd\/skarmskydd\/exoglass-flat-privacy-iphone-13-pro\/","url":"https:\/\/brushandcode.copter.com\/produkt\/skydd\/skarmskydd\/exoglass-flat-privacy-iphone-13-pro\/","name":"Exoglass\u2122 Flat Privacy - iPhone 13 Pro sk\u00e4rmskydd f\u00f6r mobil | copter.com","isPartOf":{"@id":"https:\/\/brushandcode.copter.com\/sv\/#website"},"datePublished":"2022-04-06T21:23:55+00:00","dateModified":"2022-11-29T00:01:03+00:00","description":"Copters Exoglass\u2122 Flat Privacy - iPhone 13 Pro f\u00f6r mobil \u00e4r ett glasskydd i h\u00e4rdat glas som skyddar din integritet med insynsskydd. Enkelt att montera, snabb leverans och fri retur","breadcrumb":{"@id":"https:\/\/brushandcode.copter.com\/produkt\/skydd\/skarmskydd\/exoglass-flat-privacy-iphone-13-pro\/#breadcrumb"},"inLanguage":"sv-SE","potentialAction":[{"@type":"ReadAction","target":["https:\/\/brushandcode.copter.com\/produkt\/skydd\/skarmskydd\/exoglass-flat-privacy-iphone-13-pro\/"]}]},{"@type":"BreadcrumbList","@id":"https:\/\/brushandcode.copter.com\/produkt\/skydd\/skarmskydd\/exoglass-flat-privacy-iphone-13-pro\/#breadcrumb","itemListElement":[{"@type":"ListItem","position":1,"name":"Hem","item":"https:\/\/brushandcode.copter.com\/"},{"@type":"ListItem","position":2,"name":"Produkter","item":"https:\/\/brushandcode.copter.com\/produkter\/"},{"@type":"ListItem","position":3,"name":"Exoglass\u2122 Flat Privacy &#8211; iPhone 13 Pro"}]},{"@type":"WebSite","@id":"https:\/\/brushandcode.copter.com\/sv\/#website","url":"https:\/\/brushandcode.copter.com\/sv\/","name":"Copter","description":"Great Protection","potentialAction":[{"@type":"SearchAction","target":{"@type":"EntryPoint","urlTemplate":"https:\/\/brushandcode.copter.com\/sv\/?s={search_term_string}"},"query-input":"required name=search_term_string"}],"inLanguage":"sv-SE"}]}},"_links":{"self":[{"href":"https:\/\/brushandcode.copter.com\/sv\/wp-json\/wp\/v2\/product\/2970"}],"collection":[{"href":"https:\/\/brushandcode.copter.com\/sv\/wp-json\/wp\/v2\/product"}],"about":[{"href":"https:\/\/brushandcode.copter.com\/sv\/wp-json\/wp\/v2\/types\/product"}],"replies":[{"embeddable":true,"href":"https:\/\/brushandcode.copter.com\/sv\/wp-json\/wp\/v2\/comments?post=2970"}],"wp:featuredmedia":[{"embeddable":true,"href":"https:\/\/brushandcode.copter.com\/sv\/wp-json\/wp\/v2\/media\/2765"}],"wp:attachment":[{"href":"https:\/\/brushandcode.copter.com\/sv\/wp-json\/wp\/v2\/media?parent=2970"}],"wp:term":[{"taxonomy":"product_cat","embeddable":true,"href":"https:\/\/brushandcode.copter.com\/sv\/wp-json\/wp\/v2\/product_cat?post=2970"},{"taxonomy":"product_tag","embeddable":true,"href":"https:\/\/brushandcode.copter.com\/sv\/wp-json\/wp\/v2\/product_tag?post=2970"}],"curies":[{"name":"wp","href":"https:\/\/api.w.org\/{rel}","templated":true}]}}