{"id":3677,"date":"2022-09-07T19:19:47","date_gmt":"2022-09-07T19:19:47","guid":{"rendered":"https:\/\/brushandcode.copter.com\/?post_type=product&#038;p=3677"},"modified":"2023-03-22T15:02:40","modified_gmt":"2023-03-22T15:02:40","slug":"exoglass-curved-iphone-14-pro-max","status":"publish","type":"product","link":"https:\/\/brushandcode.copter.com\/sv\/produkt\/skydd\/skarmskydd\/exoglass-curved-iphone-14-pro-max\/","title":{"rendered":"Exoglass\u2122 Curved &#8211; iPhone 14 Pro Max"},"content":{"rendered":"","protected":false},"excerpt":{"rendered":"<h2>Mycket st\u00f6tt\u00e5ligt glasskydd med droppskydd och splitterskydd.<\/h2>\n<p>Detta sk\u00e4rmskydd har alla de kvaliteter som v\u00e5rt planglas har, men \u00e4r framtaget f\u00f6r att passa de telefoner som tillverkats med rundade kanter. Skyddet omsluter kanterna och har d\u00e4rf\u00f6r en \u201cosynlig\u201d passform. <!--more--><\/p>\n<p>Skyddet \u00e4r tillverkat i ett tunt glas som genom h\u00e4rdning n\u00e5r en mycket h\u00f6g h\u00e5rdhet. Ibland kallas glaset ocks\u00e5 f\u00f6r tempererat glas vilket \u00e4r detsamma som h\u00e4rdat glas. Processen ger glaset en enorm h\u00e5rdhet vilket g\u00f6r glaset mycket st\u00f6tt\u00e5ligt.<\/p>\n<p>Det klarar dropp fr\u00e5n bord, v\u00e4skor och fickor p\u00e5 olika underlag och skyddar din sk\u00e4rm fr\u00e5n sprickor och repor. L\u00e5t skyddet ta sm\u00e4llen n\u00e4r olyckan \u00e4r framme ist\u00e4llet f\u00f6r din originalsk\u00e4rm.<\/p>\n<p>Glaset behandlas med en fettavvisande bel\u00e4ggning som minimerar fingeravtryck p\u00e5 glaset.<\/p>\n<p>Sk\u00e4rmskyddet \u00e4r enkelt att montera och n\u00e4r det \u00e4r korrekt applicerat ger det inga luftbubblor mot sk\u00e4rmen.<\/p>\n<p>P\u00e5 grund av det tunna materialet g\u00e5r inte sk\u00e4rmk\u00e4nslan f\u00f6rlorad. Skyddsglaset \u00e4r lika k\u00e4nsligt f\u00f6r kontakt (klick och swipe) som telefonens display.<\/p>\n<p>Glasskydd EXOGLASS Curved passar telefoner med rundade kanter. Det fungerar tillsammans med vissa mobilskal, var uppm\u00e4rksam s\u00e5 att mobilskalet inte sitter f\u00f6r h\u00e5rt.<\/p>\n<p>Det levereras med instruktioner och allt du beh\u00f6ver f\u00f6r en enkel montering.<\/p>\n<p><strong>Teknisk specifikation<\/strong><\/p>\n<ul>\n<li>Dubbelh\u00e4rdat joniserat glas med h\u00e5rdhet 9H<\/li>\n<li>Fett- och vattenavvisande nanobel\u00e4ggning<\/li>\n<li>St\u00f6tskydd<\/li>\n<li>Repskydd<\/li>\n<li>Splitterskydd<\/li>\n<li>HD Clarity<\/li>\n<li>Responsiv sk\u00e4rmkontakt (klick och swipe)<\/li>\n<li>Rundad, osynlig passform<\/li>\n<\/ul>\n","protected":false},"featured_media":2762,"comment_status":"open","ping_status":"closed","template":"","meta":[],"product_cat":[245,18,121,130,132,333],"product_tag":[],"yoast_head":"<!-- This site is optimized with the Yoast SEO plugin v20.5 - https:\/\/yoast.com\/wordpress\/plugins\/seo\/ -->\n<title>Exoglass\u2122 Curved - iPhone 14 Pro Max sk\u00e4rmskydd f\u00f6r mobil | copter.com<\/title>\n<meta name=\"description\" content=\"Copters Exoglass\u2122 Curved - iPhone 14 Pro Max f\u00f6r mobil \u00e4r ett glasskydd i h\u00e4rdat kurvat glas som skyddar telefonen vid st\u00f6tar, repor och fall. Enkelt att montera, snabb leverans och fri retur\" \/>\n<meta name=\"robots\" content=\"index, follow, max-snippet:-1, max-image-preview:large, max-video-preview:-1\" \/>\n<link rel=\"canonical\" href=\"https:\/\/brushandcode.copter.com\/sv\/produkt\/skydd\/skarmskydd\/exoglass-curved-iphone-14-pro-max\/\" \/>\n<meta property=\"og:locale\" content=\"sv_SE\" \/>\n<meta property=\"og:type\" content=\"article\" \/>\n<meta property=\"og:title\" content=\"Exoglass\u2122 Curved - iPhone 14 Pro Max sk\u00e4rmskydd f\u00f6r mobil | copter.com\" \/>\n<meta property=\"og:description\" content=\"Copters Exoglass\u2122 Curved - iPhone 14 Pro Max f\u00f6r mobil \u00e4r ett glasskydd i h\u00e4rdat kurvat glas som skyddar telefonen vid st\u00f6tar, repor och fall. Enkelt att montera, snabb leverans och fri retur\" \/>\n<meta property=\"og:url\" content=\"https:\/\/brushandcode.copter.com\/sv\/produkt\/skydd\/skarmskydd\/exoglass-curved-iphone-14-pro-max\/\" \/>\n<meta property=\"og:site_name\" content=\"Copter\" \/>\n<meta property=\"article:modified_time\" content=\"2023-03-22T15:02:40+00:00\" \/>\n<meta property=\"og:image\" content=\"https:\/\/brushandcode.copter.com\/wp-content\/uploads\/2022\/02\/General-Curved.webp\" \/>\n\t<meta property=\"og:image:width\" content=\"2048\" \/>\n\t<meta property=\"og:image:height\" content=\"2048\" \/>\n\t<meta property=\"og:image:type\" content=\"image\/webp\" \/>\n<meta name=\"twitter:card\" content=\"summary_large_image\" \/>\n<script type=\"application\/ld+json\" class=\"yoast-schema-graph\">{\"@context\":\"https:\/\/schema.org\",\"@graph\":[{\"@type\":\"WebPage\",\"@id\":\"https:\/\/brushandcode.copter.com\/produkt\/skydd\/skarmskydd\/exoglass-curved-iphone-14-pro-max\/\",\"url\":\"https:\/\/brushandcode.copter.com\/produkt\/skydd\/skarmskydd\/exoglass-curved-iphone-14-pro-max\/\",\"name\":\"Exoglass\u2122 Curved - iPhone 14 Pro Max sk\u00e4rmskydd f\u00f6r mobil | copter.com\",\"isPartOf\":{\"@id\":\"https:\/\/brushandcode.copter.com\/sv\/#website\"},\"datePublished\":\"2022-09-07T19:19:47+00:00\",\"dateModified\":\"2023-03-22T15:02:40+00:00\",\"description\":\"Copters Exoglass\u2122 Curved - iPhone 14 Pro Max f\u00f6r mobil \u00e4r ett glasskydd i h\u00e4rdat kurvat glas som skyddar telefonen vid st\u00f6tar, repor och fall. Enkelt att montera, snabb leverans och fri retur\",\"breadcrumb\":{\"@id\":\"https:\/\/brushandcode.copter.com\/produkt\/skydd\/skarmskydd\/exoglass-curved-iphone-14-pro-max\/#breadcrumb\"},\"inLanguage\":\"sv-SE\",\"potentialAction\":[{\"@type\":\"ReadAction\",\"target\":[\"https:\/\/brushandcode.copter.com\/produkt\/skydd\/skarmskydd\/exoglass-curved-iphone-14-pro-max\/\"]}]},{\"@type\":\"BreadcrumbList\",\"@id\":\"https:\/\/brushandcode.copter.com\/produkt\/skydd\/skarmskydd\/exoglass-curved-iphone-14-pro-max\/#breadcrumb\",\"itemListElement\":[{\"@type\":\"ListItem\",\"position\":1,\"name\":\"Hem\",\"item\":\"https:\/\/brushandcode.copter.com\/\"},{\"@type\":\"ListItem\",\"position\":2,\"name\":\"Produkter\",\"item\":\"https:\/\/brushandcode.copter.com\/produkter\/\"},{\"@type\":\"ListItem\",\"position\":3,\"name\":\"Exoglass\u2122 Curved &#8211; iPhone 14 Pro Max\"}]},{\"@type\":\"WebSite\",\"@id\":\"https:\/\/brushandcode.copter.com\/sv\/#website\",\"url\":\"https:\/\/brushandcode.copter.com\/sv\/\",\"name\":\"Copter\",\"description\":\"Great Protection\",\"potentialAction\":[{\"@type\":\"SearchAction\",\"target\":{\"@type\":\"EntryPoint\",\"urlTemplate\":\"https:\/\/brushandcode.copter.com\/sv\/?s={search_term_string}\"},\"query-input\":\"required name=search_term_string\"}],\"inLanguage\":\"sv-SE\"}]}<\/script>\n<!-- \/ Yoast SEO plugin. -->","yoast_head_json":{"title":"Exoglass\u2122 Curved - iPhone 14 Pro Max sk\u00e4rmskydd f\u00f6r mobil | copter.com","description":"Copters Exoglass\u2122 Curved - iPhone 14 Pro Max f\u00f6r mobil \u00e4r ett glasskydd i h\u00e4rdat kurvat glas som skyddar telefonen vid st\u00f6tar, repor och fall. Enkelt att montera, snabb leverans och fri retur","robots":{"index":"index","follow":"follow","max-snippet":"max-snippet:-1","max-image-preview":"max-image-preview:large","max-video-preview":"max-video-preview:-1"},"canonical":"https:\/\/brushandcode.copter.com\/sv\/produkt\/skydd\/skarmskydd\/exoglass-curved-iphone-14-pro-max\/","og_locale":"sv_SE","og_type":"article","og_title":"Exoglass\u2122 Curved - iPhone 14 Pro Max sk\u00e4rmskydd f\u00f6r mobil | copter.com","og_description":"Copters Exoglass\u2122 Curved - iPhone 14 Pro Max f\u00f6r mobil \u00e4r ett glasskydd i h\u00e4rdat kurvat glas som skyddar telefonen vid st\u00f6tar, repor och fall. Enkelt att montera, snabb leverans och fri retur","og_url":"https:\/\/brushandcode.copter.com\/sv\/produkt\/skydd\/skarmskydd\/exoglass-curved-iphone-14-pro-max\/","og_site_name":"Copter","article_modified_time":"2023-03-22T15:02:40+00:00","og_image":[{"width":2048,"height":2048,"url":"https:\/\/brushandcode.copter.com\/wp-content\/uploads\/2022\/02\/General-Curved.webp","type":"image\/webp"}],"twitter_card":"summary_large_image","schema":{"@context":"https:\/\/schema.org","@graph":[{"@type":"WebPage","@id":"https:\/\/brushandcode.copter.com\/produkt\/skydd\/skarmskydd\/exoglass-curved-iphone-14-pro-max\/","url":"https:\/\/brushandcode.copter.com\/produkt\/skydd\/skarmskydd\/exoglass-curved-iphone-14-pro-max\/","name":"Exoglass\u2122 Curved - iPhone 14 Pro Max sk\u00e4rmskydd f\u00f6r mobil | copter.com","isPartOf":{"@id":"https:\/\/brushandcode.copter.com\/sv\/#website"},"datePublished":"2022-09-07T19:19:47+00:00","dateModified":"2023-03-22T15:02:40+00:00","description":"Copters Exoglass\u2122 Curved - iPhone 14 Pro Max f\u00f6r mobil \u00e4r ett glasskydd i h\u00e4rdat kurvat glas som skyddar telefonen vid st\u00f6tar, repor och fall. Enkelt att montera, snabb leverans och fri retur","breadcrumb":{"@id":"https:\/\/brushandcode.copter.com\/produkt\/skydd\/skarmskydd\/exoglass-curved-iphone-14-pro-max\/#breadcrumb"},"inLanguage":"sv-SE","potentialAction":[{"@type":"ReadAction","target":["https:\/\/brushandcode.copter.com\/produkt\/skydd\/skarmskydd\/exoglass-curved-iphone-14-pro-max\/"]}]},{"@type":"BreadcrumbList","@id":"https:\/\/brushandcode.copter.com\/produkt\/skydd\/skarmskydd\/exoglass-curved-iphone-14-pro-max\/#breadcrumb","itemListElement":[{"@type":"ListItem","position":1,"name":"Hem","item":"https:\/\/brushandcode.copter.com\/"},{"@type":"ListItem","position":2,"name":"Produkter","item":"https:\/\/brushandcode.copter.com\/produkter\/"},{"@type":"ListItem","position":3,"name":"Exoglass\u2122 Curved &#8211; iPhone 14 Pro Max"}]},{"@type":"WebSite","@id":"https:\/\/brushandcode.copter.com\/sv\/#website","url":"https:\/\/brushandcode.copter.com\/sv\/","name":"Copter","description":"Great Protection","potentialAction":[{"@type":"SearchAction","target":{"@type":"EntryPoint","urlTemplate":"https:\/\/brushandcode.copter.com\/sv\/?s={search_term_string}"},"query-input":"required name=search_term_string"}],"inLanguage":"sv-SE"}]}},"_links":{"self":[{"href":"https:\/\/brushandcode.copter.com\/sv\/wp-json\/wp\/v2\/product\/3677"}],"collection":[{"href":"https:\/\/brushandcode.copter.com\/sv\/wp-json\/wp\/v2\/product"}],"about":[{"href":"https:\/\/brushandcode.copter.com\/sv\/wp-json\/wp\/v2\/types\/product"}],"replies":[{"embeddable":true,"href":"https:\/\/brushandcode.copter.com\/sv\/wp-json\/wp\/v2\/comments?post=3677"}],"wp:featuredmedia":[{"embeddable":true,"href":"https:\/\/brushandcode.copter.com\/sv\/wp-json\/wp\/v2\/media\/2762"}],"wp:attachment":[{"href":"https:\/\/brushandcode.copter.com\/sv\/wp-json\/wp\/v2\/media?parent=3677"}],"wp:term":[{"taxonomy":"product_cat","embeddable":true,"href":"https:\/\/brushandcode.copter.com\/sv\/wp-json\/wp\/v2\/product_cat?post=3677"},{"taxonomy":"product_tag","embeddable":true,"href":"https:\/\/brushandcode.copter.com\/sv\/wp-json\/wp\/v2\/product_tag?post=3677"}],"curies":[{"name":"wp","href":"https:\/\/api.w.org\/{rel}","templated":true}]}}