{"id":4444,"date":"2023-03-29T14:33:43","date_gmt":"2023-03-29T14:33:43","guid":{"rendered":"https:\/\/brushandcode.copter.com\/?post_type=product&#038;p=4444"},"modified":"2023-03-29T14:37:31","modified_gmt":"2023-03-29T14:37:31","slug":"exoglass-linsskydd-kamera-samsung-galaxy-a13-5g","status":"publish","type":"product","link":"https:\/\/brushandcode.copter.com\/sv\/produkt\/skydd\/linsskydd\/exoglass-linsskydd-kamera-samsung-galaxy-a13-5g\/","title":{"rendered":"Exoglass\u2122 Linsskydd Kamera &#8211; Samsung Galaxy A13 5G"},"content":{"rendered":"","protected":false},"excerpt":{"rendered":"<h2>Mycket st\u00f6tt\u00e5ligt sk\u00e4rmskydd i h\u00e4rdat planglas<\/h2>\n<p>Skyddet \u00e4r tillverkat i ett tunt glas i h\u00f6gsta kvalitet som genom h\u00e4rdning n\u00e5r enorm h\u00e5rdhet vilket g\u00f6r det mycket st\u00f6tt\u00e5ligt. Ibland kallas glaset ocks\u00e5 f\u00f6r tempererat glas vilket \u00e4r detsamma som h\u00e4rdat glas.<\/p>\n<p><!--more--><\/p>\n<p>Med sk\u00e4rmskydd monterat kan du lugnt anv\u00e4nda din telefon utan att oroa dig f\u00f6r st\u00f6tar, repor eller krossad sk\u00e4rm. Skyddet tar sm\u00e4llen och om det g\u00e5r s\u00f6nder \u00e4r det enkelt att montera ett nytt.<\/p>\n<p>Glaset behandlas med en fettavvisande bel\u00e4ggning som minimerar fingeravtryck p\u00e5 glaset.<\/p>\n<p>Sk\u00e4rmskyddet \u00e4r enkelt att montera och n\u00e4r det \u00e4r korrekt applicerat ger det inga luftbubblor mot sk\u00e4rmen.<\/p>\n<p>P\u00e5 grund av det tunna materialet g\u00e5r inte sk\u00e4rmk\u00e4nslan f\u00f6rlorad. Skyddsglaset \u00e4r lika k\u00e4nsligt f\u00f6r kontakt (klick och swipe) som telefonens display.<\/p>\n<p>Glasskydd EXOGLASS Flat passar de flesta telefoner. Det \u00e4r ett planglas som monteras plant mot sk\u00e4rmen, vilket betyder att det inte omsluter telefonens eventuella rundade kanter. Det fungerar tillsammans med mobilskal som monteras fr\u00e5n telefonens baksida.<\/p>\n<p>Skyddet levereras med instruktioner och allt du beh\u00f6ver f\u00f6r en enkel montering.<\/p>\n<p>&nbsp;<\/p>\n<p><strong>Teknisk specifikation<\/strong><\/p>\n<ul>\n<li>Dubbelh\u00e4rdat joniserat glas med h\u00e5rdhet 9H<\/li>\n<li>Fett- och vattenavvisande nanobel\u00e4ggning<\/li>\n<li>St\u00f6tskydd<\/li>\n<li>Repskydd<\/li>\n<li>Splitterskydd<\/li>\n<li>HD Clarity<\/li>\n<li>Responsiv sk\u00e4rmkontakt (klick och swipe)<\/li>\n<\/ul>\n","protected":false},"featured_media":4449,"comment_status":"open","ping_status":"closed","template":"","meta":[],"product_cat":[354,349,18,130,133],"product_tag":[],"yoast_head":"<!-- This site is optimized with the Yoast SEO plugin v20.5 - https:\/\/yoast.com\/wordpress\/plugins\/seo\/ -->\n<title>Exoglass\u2122 Linsskydd Kamera - Samsung Galaxy A13 5G sk\u00e4rmskydd f\u00f6r mobil | copter.com<\/title>\n<meta name=\"description\" content=\"Copters Exoglass\u2122 Linsskydd Kamera - Samsung Galaxy A13 5G f\u00f6r mobil \u00e4r ett glasskydd i h\u00e4rdat planglas som skyddar telefonen vid st\u00f6tar, repor och fall. Enkelt att montera, snabb leverans och fri retur\" \/>\n<meta name=\"robots\" content=\"index, follow, max-snippet:-1, max-image-preview:large, max-video-preview:-1\" \/>\n<link rel=\"canonical\" href=\"https:\/\/brushandcode.copter.com\/sv\/produkt\/skydd\/linsskydd\/exoglass-linsskydd-kamera-samsung-galaxy-a13-5g\/\" \/>\n<meta property=\"og:locale\" content=\"sv_SE\" \/>\n<meta property=\"og:type\" content=\"article\" \/>\n<meta property=\"og:title\" content=\"Exoglass\u2122 Linsskydd Kamera - Samsung Galaxy A13 5G sk\u00e4rmskydd f\u00f6r mobil | copter.com\" \/>\n<meta property=\"og:description\" content=\"Copters Exoglass\u2122 Linsskydd Kamera - Samsung Galaxy A13 5G f\u00f6r mobil \u00e4r ett glasskydd i h\u00e4rdat planglas som skyddar telefonen vid st\u00f6tar, repor och fall. Enkelt att montera, snabb leverans och fri retur\" \/>\n<meta property=\"og:url\" content=\"https:\/\/brushandcode.copter.com\/sv\/produkt\/skydd\/linsskydd\/exoglass-linsskydd-kamera-samsung-galaxy-a13-5g\/\" \/>\n<meta property=\"og:site_name\" content=\"Copter\" \/>\n<meta property=\"article:modified_time\" content=\"2023-03-29T14:37:31+00:00\" \/>\n<meta property=\"og:image\" content=\"https:\/\/brushandcode.copter.com\/wp-content\/uploads\/2023\/03\/Generell-Telefon-Camera-Lens-rund.webp\" \/>\n\t<meta property=\"og:image:width\" content=\"2048\" \/>\n\t<meta property=\"og:image:height\" content=\"2048\" \/>\n\t<meta property=\"og:image:type\" content=\"image\/webp\" \/>\n<meta name=\"twitter:card\" content=\"summary_large_image\" \/>\n<script type=\"application\/ld+json\" class=\"yoast-schema-graph\">{\"@context\":\"https:\/\/schema.org\",\"@graph\":[{\"@type\":\"WebPage\",\"@id\":\"https:\/\/brushandcode.copter.com\/produkt\/skydd\/linsskydd\/exoglass-linsskydd-kamera-samsung-galaxy-a13-5g\/\",\"url\":\"https:\/\/brushandcode.copter.com\/produkt\/skydd\/linsskydd\/exoglass-linsskydd-kamera-samsung-galaxy-a13-5g\/\",\"name\":\"Exoglass\u2122 Linsskydd Kamera - Samsung Galaxy A13 5G sk\u00e4rmskydd f\u00f6r mobil | copter.com\",\"isPartOf\":{\"@id\":\"https:\/\/brushandcode.copter.com\/sv\/#website\"},\"datePublished\":\"2023-03-29T14:33:43+00:00\",\"dateModified\":\"2023-03-29T14:37:31+00:00\",\"description\":\"Copters Exoglass\u2122 Linsskydd Kamera - Samsung Galaxy A13 5G f\u00f6r mobil \u00e4r ett glasskydd i h\u00e4rdat planglas som skyddar telefonen vid st\u00f6tar, repor och fall. Enkelt att montera, snabb leverans och fri retur\",\"breadcrumb\":{\"@id\":\"https:\/\/brushandcode.copter.com\/produkt\/skydd\/linsskydd\/exoglass-linsskydd-kamera-samsung-galaxy-a13-5g\/#breadcrumb\"},\"inLanguage\":\"sv-SE\",\"potentialAction\":[{\"@type\":\"ReadAction\",\"target\":[\"https:\/\/brushandcode.copter.com\/produkt\/skydd\/linsskydd\/exoglass-linsskydd-kamera-samsung-galaxy-a13-5g\/\"]}]},{\"@type\":\"BreadcrumbList\",\"@id\":\"https:\/\/brushandcode.copter.com\/produkt\/skydd\/linsskydd\/exoglass-linsskydd-kamera-samsung-galaxy-a13-5g\/#breadcrumb\",\"itemListElement\":[{\"@type\":\"ListItem\",\"position\":1,\"name\":\"Hem\",\"item\":\"https:\/\/brushandcode.copter.com\/\"},{\"@type\":\"ListItem\",\"position\":2,\"name\":\"Produkter\",\"item\":\"https:\/\/brushandcode.copter.com\/produkter\/\"},{\"@type\":\"ListItem\",\"position\":3,\"name\":\"Exoglass\u2122 Linsskydd Kamera &#8211; Samsung Galaxy A13 5G\"}]},{\"@type\":\"WebSite\",\"@id\":\"https:\/\/brushandcode.copter.com\/sv\/#website\",\"url\":\"https:\/\/brushandcode.copter.com\/sv\/\",\"name\":\"Copter\",\"description\":\"Great Protection\",\"potentialAction\":[{\"@type\":\"SearchAction\",\"target\":{\"@type\":\"EntryPoint\",\"urlTemplate\":\"https:\/\/brushandcode.copter.com\/sv\/?s={search_term_string}\"},\"query-input\":\"required name=search_term_string\"}],\"inLanguage\":\"sv-SE\"}]}<\/script>\n<!-- \/ Yoast SEO plugin. -->","yoast_head_json":{"title":"Exoglass\u2122 Linsskydd Kamera - Samsung Galaxy A13 5G sk\u00e4rmskydd f\u00f6r mobil | copter.com","description":"Copters Exoglass\u2122 Linsskydd Kamera - Samsung Galaxy A13 5G f\u00f6r mobil \u00e4r ett glasskydd i h\u00e4rdat planglas som skyddar telefonen vid st\u00f6tar, repor och fall. Enkelt att montera, snabb leverans och fri retur","robots":{"index":"index","follow":"follow","max-snippet":"max-snippet:-1","max-image-preview":"max-image-preview:large","max-video-preview":"max-video-preview:-1"},"canonical":"https:\/\/brushandcode.copter.com\/sv\/produkt\/skydd\/linsskydd\/exoglass-linsskydd-kamera-samsung-galaxy-a13-5g\/","og_locale":"sv_SE","og_type":"article","og_title":"Exoglass\u2122 Linsskydd Kamera - Samsung Galaxy A13 5G sk\u00e4rmskydd f\u00f6r mobil | copter.com","og_description":"Copters Exoglass\u2122 Linsskydd Kamera - Samsung Galaxy A13 5G f\u00f6r mobil \u00e4r ett glasskydd i h\u00e4rdat planglas som skyddar telefonen vid st\u00f6tar, repor och fall. Enkelt att montera, snabb leverans och fri retur","og_url":"https:\/\/brushandcode.copter.com\/sv\/produkt\/skydd\/linsskydd\/exoglass-linsskydd-kamera-samsung-galaxy-a13-5g\/","og_site_name":"Copter","article_modified_time":"2023-03-29T14:37:31+00:00","og_image":[{"width":2048,"height":2048,"url":"https:\/\/brushandcode.copter.com\/wp-content\/uploads\/2023\/03\/Generell-Telefon-Camera-Lens-rund.webp","type":"image\/webp"}],"twitter_card":"summary_large_image","schema":{"@context":"https:\/\/schema.org","@graph":[{"@type":"WebPage","@id":"https:\/\/brushandcode.copter.com\/produkt\/skydd\/linsskydd\/exoglass-linsskydd-kamera-samsung-galaxy-a13-5g\/","url":"https:\/\/brushandcode.copter.com\/produkt\/skydd\/linsskydd\/exoglass-linsskydd-kamera-samsung-galaxy-a13-5g\/","name":"Exoglass\u2122 Linsskydd Kamera - Samsung Galaxy A13 5G sk\u00e4rmskydd f\u00f6r mobil | copter.com","isPartOf":{"@id":"https:\/\/brushandcode.copter.com\/sv\/#website"},"datePublished":"2023-03-29T14:33:43+00:00","dateModified":"2023-03-29T14:37:31+00:00","description":"Copters Exoglass\u2122 Linsskydd Kamera - Samsung Galaxy A13 5G f\u00f6r mobil \u00e4r ett glasskydd i h\u00e4rdat planglas som skyddar telefonen vid st\u00f6tar, repor och fall. Enkelt att montera, snabb leverans och fri retur","breadcrumb":{"@id":"https:\/\/brushandcode.copter.com\/produkt\/skydd\/linsskydd\/exoglass-linsskydd-kamera-samsung-galaxy-a13-5g\/#breadcrumb"},"inLanguage":"sv-SE","potentialAction":[{"@type":"ReadAction","target":["https:\/\/brushandcode.copter.com\/produkt\/skydd\/linsskydd\/exoglass-linsskydd-kamera-samsung-galaxy-a13-5g\/"]}]},{"@type":"BreadcrumbList","@id":"https:\/\/brushandcode.copter.com\/produkt\/skydd\/linsskydd\/exoglass-linsskydd-kamera-samsung-galaxy-a13-5g\/#breadcrumb","itemListElement":[{"@type":"ListItem","position":1,"name":"Hem","item":"https:\/\/brushandcode.copter.com\/"},{"@type":"ListItem","position":2,"name":"Produkter","item":"https:\/\/brushandcode.copter.com\/produkter\/"},{"@type":"ListItem","position":3,"name":"Exoglass\u2122 Linsskydd Kamera &#8211; Samsung Galaxy A13 5G"}]},{"@type":"WebSite","@id":"https:\/\/brushandcode.copter.com\/sv\/#website","url":"https:\/\/brushandcode.copter.com\/sv\/","name":"Copter","description":"Great Protection","potentialAction":[{"@type":"SearchAction","target":{"@type":"EntryPoint","urlTemplate":"https:\/\/brushandcode.copter.com\/sv\/?s={search_term_string}"},"query-input":"required name=search_term_string"}],"inLanguage":"sv-SE"}]}},"_links":{"self":[{"href":"https:\/\/brushandcode.copter.com\/sv\/wp-json\/wp\/v2\/product\/4444"}],"collection":[{"href":"https:\/\/brushandcode.copter.com\/sv\/wp-json\/wp\/v2\/product"}],"about":[{"href":"https:\/\/brushandcode.copter.com\/sv\/wp-json\/wp\/v2\/types\/product"}],"replies":[{"embeddable":true,"href":"https:\/\/brushandcode.copter.com\/sv\/wp-json\/wp\/v2\/comments?post=4444"}],"wp:featuredmedia":[{"embeddable":true,"href":"https:\/\/brushandcode.copter.com\/sv\/wp-json\/wp\/v2\/media\/4449"}],"wp:attachment":[{"href":"https:\/\/brushandcode.copter.com\/sv\/wp-json\/wp\/v2\/media?parent=4444"}],"wp:term":[{"taxonomy":"product_cat","embeddable":true,"href":"https:\/\/brushandcode.copter.com\/sv\/wp-json\/wp\/v2\/product_cat?post=4444"},{"taxonomy":"product_tag","embeddable":true,"href":"https:\/\/brushandcode.copter.com\/sv\/wp-json\/wp\/v2\/product_tag?post=4444"}],"curies":[{"name":"wp","href":"https:\/\/api.w.org\/{rel}","templated":true}]}}